{"id":127,"date":"2023-03-29T08:00:55","date_gmt":"2023-03-29T06:00:55","guid":{"rendered":"https:\/\/www.caritasgaeta.it\/?page_id=127"},"modified":"2025-04-13T17:40:28","modified_gmt":"2025-04-13T15:40:28","slug":"tavolo-di-contrasto-all-azzardo","status":"publish","type":"page","link":"https:\/\/www.arcidiocesigaeta.it\/caritas\/tavolo-di-contrasto-all-azzardo\/","title":{"rendered":"Tavolo di contrasto all&#8217;azzardo"},"content":{"rendered":"<p>La Caritas Diocesana coordina il <strong>Tavolo di contrasto all\u2019azzardo<\/strong>, con la collaborazione di:<\/p>\n<p>Consulta delle Aggregazioni Laicali,<\/p>\n<p>Presidio Libera Sud Pontino \u201cDon Cesare Boschin\u201d,<\/p>\n<p>Cooperativa Osiride,<\/p>\n<p>Gocce di Fraternit\u00e0 sede di Gaeta, Associazione Vittorio Bachelet,<\/p>\n<p>ANPI Formia,<\/p>\n<p>Legambiente Sud Pontino,<\/p>\n<p>Circolo Intercomunale Legambiente &#8220;Luigi Di Biasio&#8221;<\/p>\n<p>SPI CGIL Sud Pontino,<\/p>\n<p>Laboratorio socio-politico della parrocchia San Giacomo Ap &#8211; Gaeta,<\/p>\n<p>Associazione Amici di Raoul Follereau sezione Latina<\/p>\n<p>&nbsp;<\/p>\n<p>Obiettivo della rete solidale \u00e8 il contrasto al cosiddetto \u201cgioco\u201d d\u2019azzardo. Una pratica sempre pi\u00f9 diffusa e pervasiva, sia nella forma fisica (gratta e vinci, slot machine, VLT, scommesse sportive, ecc\u2026) che nella forma dematerializzata, ovvero attraverso un semplice collegamento internet ormai disponibile su tutti gli smartphone. Dietro l\u2019apparente veste ludica, \u00e8 facile cadere nella dipendenza anche grave, denominata dallo stesso Ministero della Salute \u201cDisturbo da gioco d\u2019azzardo\u201d.<\/p>\n<p>&nbsp;<\/p>\n<p><strong>Dal sito del Ministero della Salute<\/strong> (<a href=\"https:\/\/www.salute.gov.it\/portale\/news\/p3_2_3_1_1.jsp?lingua=italiano&amp;menu=dossier&amp;p=dadossier&amp;id=66\" target=\"_blank\" rel=\"noopener\" data-saferedirecturl=\"https:\/\/www.google.com\/url?q=https:\/\/www.salute.gov.it\/portale\/news\/p3_2_3_1_1.jsp?lingua%3Ditaliano%26menu%3Ddossier%26p%3Ddadossier%26id%3D66&amp;source=gmail&amp;ust=1702031674253000&amp;usg=AOvVaw1RduMVgCqiQaDZXj-8ejWj\">https:\/\/www.salute.gov.it\/portale\/news\/p3_2_3_1_1.jsp?lingua=italiano&amp;menu=dossier&amp;p=dadossier&amp;id=66<\/a>):<\/p>\n<p>&nbsp;<\/p>\n<p><em>Il gioco d\u2019azzardo pu\u00f2 assumere la connotazione di un vero e proprio disturbo psichiatrico, cos\u00ec come ufficialmente riconosciuto dall\u2019American Psychiatric Association (APA) nel 1980; nel 1994, il gioco d\u2019azzardo patologico (GAP) \u00e8 stato classificato nel DSM-IV (manuale diagnostico e statistico dei disturbi mentali) come \u201cdisturbo del controllo degli impulsi\u201d. Il DSM-IV t.r. ha definito il GAP come un \u201ccomportamento persistente, ricorrente e maladattativo di gioco che compromette le attivit\u00e0 personali, familiari o lavorative\u201d; nel 2013\u00a0 l\u2019APAha elaborato una nuova definizione pi\u00f9 aggiornata e scientificamente corretta ovvero:\u00a0 &#8220;Disturbo da Gioco d&#8217;Azzardo&#8221; (APA &#8211; DSM V 2013). L\u2019ICD-10 (International Classification Disease) dell\u2019Organizzazione Mondiale della Sanit\u00e0 (OMS) lo ha inserito tra i \u201cdisturbi delle abitudini e degli impulsi\u201d.<br \/>\nQuindi, il Disturbo da Gioco d\u2019Azzardo \u00e8 a tutti gli effetti una dipendenza patologica \u201c<\/em><em>sine substantia<\/em><em>\u201d. In ambito clinico infatti \u00e8 dimostrata in letteratura la comorbilit\u00e0 con altre patologie quali la depressione, l&#8217;ipomania, il disturbo bipolare, l&#8217;impulsivit\u00e0, l&#8217;abuso di sostanze (alcol, tabacco, sostanze psicoattive illegali), disturbi di personalit\u00e0 (antisociale, narcisistico, istrionico, borderline), il deficit dell&#8217;attenzione con iperattivit\u00e0, il disturbo da attacchi di panico con o senza agorafobia e altri disturbi fisici associati allo stress (ulcera peptica, ipertensione arteriosa, etc). La prevalenza tra la popolazione adulta del Disturbo da gioco d\u2019azzardo, secondo il precedente DSM-IV varia dall&#8217;1 al 3% della popolazione, con una maggiore diffusione tra familiari e parenti di giocatori. <\/em><\/p>\n<p>&nbsp;<\/p>\n<p>Lo stesso sito del ministero della Salute fornisce alcuni dati epidemiologici (aggiornati a febbraio 2020).<\/p>\n<p><strong>\u00a0<\/strong><\/p>\n<p><strong>Popolazione adulta\u00a0<\/strong><\/p>\n<p><em>Il 36,4% degli italiani (circa 18.450.000 persone) ha giocato d\u2019azzardo almeno una volta nei 12 mesi antecedenti l\u2019intervista. Il gioco d\u2019azzardo nell\u2019ultimo anno ha interessato quasi un uomo su due (43,7% pari a oltre 10.500.000 residenti) e una donna su tre (29,8% pari a 7.900.000 residenti). Si gioca d\u2019azzardo soprattutto tra i 40 e i 64 anni. <strong>Si inizia a giocare soprattutto tra i 18 e i 25 anni (51,8%) <\/strong>e tra i 26 e i 35 anni (18,4%), pi\u00f9 raramente si inizia a giocare oltre i 46 anni (7,4%). <\/em><\/p>\n<p><em>Il 26,5% (pari a circa 13.435.000 persone) della popolazione maggiorenne si \u00e8 dedicata al gioco d\u2019azzardo in modo \u201csociale\u201d, con differenze significative tra maschi e femmine (rispettivamente 30,2% vs 23,1%). I giocatori a basso rischio sono il 4,1% (circa 2.000.000 di residenti) e i giocatori a rischio moderato sono il 2,8% (circa 1.400.000 residenti). I giocatori problematici sono il 3% (circa 1.500.000 residenti). Tra i giocatori problematici la fascia di et\u00e0 50 \u2013 64 anni \u00e8 la pi\u00f9 rappresentata (35,5%). <\/em><\/p>\n<p><strong>\u00a0<\/strong><\/p>\n<p><strong>Popolazione scolastica minorenne\u00a0(14 -17 anni)<\/strong><\/p>\n<p><em>Il 70,8% ha dichiarato di non aver mai giocato, mentre il <strong>29,2%<\/strong> (si stimano 670.144 soggetti) dichiara di aver praticato gioco d\u2019azzardo almeno una volta nei 12 mesi antecedenti l\u2019intervista. <\/em><\/p>\n<p><em>Giocano prevalentemente i 17enni (35%), a seguire i 16enni (30,5%), i 15enni (27,6%) e i 14enni (24,4%). I giocatori sono pi\u00f9 maschi (41,1%; per una stima di circa 486.200 ragazzi) che femmine (16,8% per una stima di circa 186.800 ragazze). <\/em><\/p>\n<p><em>Rispetto all\u2019area geografica, giocano maggiormente gli studenti del Sud del paese (36,3%; per una stima di 215.356 studenti) e a seguire delle Isole (29,9%; per una stima di 79.722) del Centro (27,3%; per una stima di 116.384 studenti), del Nord Ovest (25,8%; per una stima di 149.919 studenti) e del Nord Est (20,2%; per una stima di 86.400 studenti). Si osservano prevalenze di giocatori pi\u00f9 elevate<strong> negli istituti tecnici (37,5%) e negli istituti professionali (28,2%).<\/strong><\/em><\/p>\n<p>&nbsp;<\/p>\n<p>&nbsp;<\/p>\n<p>Di fronte ad un fenomeno di tale portata e gravit\u00e0 la rete del <strong>Tavolo di contrasto all\u2019azzardo<\/strong> si pone l\u2019obiettivo di opporsi alla povert\u00e0 culturale di affidarsi al \u201cfato\u201d per superare le proprie solitudini, angosce, noie, indigenze materiali, problemi economici&#8230;<\/p>\n<p>Il Tavolo \u00e8 nato nel giugno 2017, su proposta di don Alfredo Micalusi, direttore della Caritas Diocesana, raccogliendo il percorso avviato agli inizi del 2015 dalla Consulta Diocesana delle Aggregazioni Laicali e rilanciando il cammino compiuto in una prospettiva pi\u00f9 ampia, sinergica e programmatica.<\/p>\n<p>&nbsp;<\/p>\n<p>Il Tavolo di contrasto all\u2019azzardo orienta il suo percorso di impegno su sei direzioni:<\/p>\n<ol>\n<li>La mappatura del territorio per conoscere i Comuni della diocesi che hanno deliberato atti e regolamenti aventi la finalit\u00e0 di contrasto all\u2019azzardo.<\/li>\n<li>Incontri diretti con le amministrazioni comunali per promuovere l\u2019adesione al Manifesto dei Sindaci per la legalit\u00e0 contro il gioco d\u2019azzardo e alla Giornata del Buon Gioco, alla promulgazione di regolamenti contro l\u2019azzardo, alla verifica dello stato di osservanza di eventuali regolamenti deliberati.<\/li>\n<li>La realizzazione di seminari formativi di prevenzione diretti agli studenti dei principali istituti scolastici delle citt\u00e0 della Diocesi.<\/li>\n<li>La formazione specifica sull\u2019azzardo per gli operatori Caritas.<\/li>\n<li>La promozione della consapevolezza della gravit\u00e0 dell\u2019azzardo attraverso la diffusione di brochure, volantini e guide, la divulgazione mediante i mass media, l\u2019organizzazione di specifici convegni e il contatto diretto delle persone nelle piazze con le Tende del Buon Gioco.<\/li>\n<li>La conduzione di un Centro di Ascolto Caritas per il disturbo da gioco d\u2019azzardo, con un servizio di primo intervento e di orientamento. Si accede al servizio su appuntamento telefonando al 338 778 6878 o tramite e-mail all&#8217;indirizzo: <a href=\"mailto:tavolocontroazzardogaeta@gmail.com\">tavolocontroazzardogaeta@gmail.com<\/a><\/li>\n<\/ol>\n<p>&nbsp;<\/p>\n<p>All\u2019inizio del 2023, la Caritas Diocesana ha promosso il <strong>Percorso di Cittadinanza Attiva<\/strong> allargando la rete delle collaborazioni con alcune associazioni del territorio per condividere esperienze, promuovere la conoscenza dei meccanismi di radicamento delle mafie nell\u2019economia legale e formulare risposte di mitigazione al processo invasivo dei consorzi criminali, focalizzando le principali fonti illecite delle mafie, quali: l\u2019azzardo, il traffico di sostanze stupefacenti e il riciclaggio di capitali illeciti nel mercato legale.<\/p>\n<p>Infine, nell\u2019ambito degli incontri formativi presso le scuole del territorio, il Tavolo di contrasto all\u2019azzardo sta portando avanti un\u2019indagine attraverso un questionario validato scientificamente. Questo \u00e8 rivolto a studenti e studentesse, al fine di individuare il loro rapporto con l\u2019azzardo e in particolare quello telematico; per accedere al questionario basta cliccare a questo <a href=\"https:\/\/docs.google.com\/forms\/d\/e\/1FAIpQLSdiIyRQrJi38KMWajucj2XHHI_tEqw3wCfX3TAuhGYVpD-QdA\/viewform?vc=0&amp;c=0&amp;w=1\" target=\"_blank\" rel=\"noopener\" data-saferedirecturl=\"https:\/\/www.google.com\/url?q=https:\/\/docs.google.com\/forms\/d\/e\/1FAIpQLSdiIyRQrJi38KMWajucj2XHHI_tEqw3wCfX3TAuhGYVpD-QdA\/viewform?vc%3D0%26c%3D0%26w%3D1&amp;source=gmail&amp;ust=1702031674253000&amp;usg=AOvVaw03MivyX5j4uB8zyFomo4-9\">link<\/a><\/p>\n<p>Infine, nell\u2019ambito degli incontri formativi presso le scuole del territorio, il Tavolo di contrasto all\u2019azzardo sta portando avanti un\u2019indagine attraverso un questionario validato scientificamente. Il questionario \u00e8 rivolto a studenti e studentesse, al fine di individuare il loro rapporto con l\u2019azzardo e in particolare quello telematico; per accedere al questionario basta cliccare a questo <a href=\"https:\/\/docs.google.com\/forms\/d\/e\/1FAIpQLSdiIyRQrJi38KMWajucj2XHHI_tEqw3wCfX3TAuhGYVpD-QdA\/viewform?vc=0&amp;c=0&amp;w=1\" target=\"_blank\" rel=\"noopener noreferrer\">link<\/a><\/p>\n<p>&nbsp;<\/p>\n<p>Per info scrivere a <a href=\"mailto:tavolocontroazzardogaeta@gmail.com\">tavolocontroazzardogaeta@gmail.com<\/a><\/p>\n<h1><strong>Percorso scolastico &#8220;DIVENTO INVENTO&#8221;<\/strong><\/h1>\n<p>[\/vc_column_text][vc_column_text][wpdm_package id=&#8217;2666&#8242;][\/vc_column_text][vc_column_text][wpdm_package id=&#8217;2667&#8242;][\/vc_column_text][vc_column_text][wpdm_package id=&#8217;2668&#8242;][\/vc_column_text][vc_column_text][wpdm_package id=&#8217;2670&#8242;][\/vc_column_text][vc_column_text][wpdm_package id=&#8217;2676&#8242;][\/vc_column_text][vc_column_text][wpdm_package id=&#8217;2677&#8242;][\/vc_column_text][vc_column_text][wpdm_package id=&#8217;2680&#8242;][\/vc_column_text][vc_column_text][wpdm_package id=&#8217;2682&#8242;][\/vc_column_text][vc_column_text][wpdm_package id=&#8217;2683&#8242;][\/vc_column_text][vc_column_text]<\/p>\n<h1><strong>Materiale normativo azzardo<br \/>\n<\/strong><\/h1>\n<p>[\/vc_column_text][vc_column_text][wpdm_package id=&#8217;2709&#8242;][\/vc_column_text][vc_column_text][wpdm_package id=&#8217;2710&#8242;][\/vc_column_text][vc_column_text][wpdm_package id=&#8217;2711&#8242;][\/vc_column_text][vc_column_text][wpdm_package id=&#8217;2712&#8242;][\/vc_column_text][vc_column_text][wpdm_package id=&#8217;2713&#8242;][\/vc_column_text][vc_column_text][wpdm_package id=&#8217;2714&#8242;][\/vc_column_text][vc_column_text][wpdm_package id=&#8217;2715&#8242;][\/vc_column_text][vc_column_text][wpdm_package id=&#8217;2717&#8242;][\/vc_column_text][vc_column_text][wpdm_package id=&#8217;2718&#8242;][\/vc_column_text][vc_column_text][wpdm_package id=&#8217;2719&#8242;][\/vc_column_text][vc_column_text][wpdm_package id=&#8217;2720&#8242;][\/vc_column_text][vc_column_text][wpdm_package id=&#8217;2721&#8242;][\/vc_column_text][vc_column_text][wpdm_package id=&#8217;2722&#8242;][\/vc_column_text][vc_column_text][wpdm_package id=&#8217;2723&#8242;][\/vc_column_text][vc_column_text][wpdm_package id=&#8217;2724&#8242;][\/vc_column_text][vc_column_text][wpdm_package id=&#8217;2725&#8242;][\/vc_column_text][vc_column_text][wpdm_package id=&#8217;2727&#8242;][\/vc_column_text][vc_column_text][wpdm_package id=&#8217;2726&#8242;][\/vc_column_text][vc_column_text][wpdm_package id=&#8217;2728&#8242;][\/vc_column_text][vc_column_text][wpdm_package id=&#8217;2735&#8242;][\/vc_column_text][vc_column_text][wpdm_package id=&#8217;2732&#8242;][\/vc_column_text][vc_column_text][wpdm_package id=&#8217;2737&#8242;][\/vc_column_text][\/vc_column_inner][\/vc_row_inner][vc_row_inner][vc_column_inner width=&#8221;1\/2&#8243;][vc_column_text]<\/p>\n<h3><strong>MATERIALE CONVEGNO \u201cAZZORDO E MAFIE\u201d 01-04-2023 <\/strong><\/h3>\n<p>[\/vc_column_text][vc_column_text][wpdm_package id=&#8217;2636&#8242;][\/vc_column_text][vc_column_text][wpdm_package id=&#8217;2634&#8242;][\/vc_column_text][vc_column_text]<\/p>\n<h3><strong>MATERIALE UTILE<br \/>\n<\/strong><\/h3>\n<p>[\/vc_column_text][vc_column_text][wpdm_package id=&#8217;875&#8242;][\/vc_column_text][vc_column_text][wpdm_package id=&#8217;874&#8242;][\/vc_column_text][\/vc_column_inner][vc_column_inner width=&#8221;1\/2&#8243;][\/vc_column_inner][\/vc_row_inner][\/vc_column][\/vc_row][vc_row][vc_column width=&#8221;1\/6&#8243;][\/vc_column][vc_column width=&#8221;2\/3&#8243;][vc_custom_heading text=&#8221;Per maggiori informazioni, compila il form, cercheremo di risponderti il prima possibile&#8221; font_container=&#8221;tag:h3|text_align:center|color:%2387241e&#8221; use_theme_fonts=&#8221;yes&#8221; css_animation=&#8221;slideInLeft&#8221;][vc_column_text]N.B. I dati inseriti nel seguente form saranno utilizzati unicamente per rispondere alle tue richieste di disponibilit\u00e0 e secondo le direttive della nostra\u00a0<a href=\"https:\/\/www.caritasgaeta.it\/privacy-policy\/\" target=\"_blank\" rel=\"noopener\">Privacy Policy<\/a>\u00a0conforme all\u2019art.13 del Regolamento Europeo (UE) 2016\/679 (noto come G.D.P.R.)[\/vc_column_text][contact-form-7 id=&#8221;1844&#8243;][\/vc_column][vc_column width=&#8221;1\/6&#8243;][\/vc_column][\/vc_row][vc_row][vc_column][vc_column_text css_animation=&#8221;fadeIn&#8221;]I am text block. Click edit button to change this text. Lorem ipsum dolor sit amet, consectetur adipiscing elit. Ut elit tellus, luctus nec ullamcorper mattis, pulvinar dapibus leo.[\/vc_column_text][vc_single_image img_size=&#8221;medium&#8221; onclick=&#8221;link_image&#8221; css_animation=&#8221;fadeIn&#8221;][\/vc_column][\/vc_row]<\/p>\n","protected":false},"excerpt":{"rendered":"<p>La Caritas Diocesana coordina il Tavolo di contrasto all\u2019azzardo, con la collaborazione di: Consulta delle Aggregazioni Laicali, Presidio Libera Sud Pontino \u201cDon Cesare Boschin\u201d, Cooperativa Osiride, Gocce di Fraternit\u00e0 sede di Gaeta, Associazione Vittorio Bachelet, ANPI Formia, Legambiente Sud Pontino, Circolo Intercomunale Legambiente &#8220;Luigi Di Biasio&#8221; SPI CGIL Sud Pontino, Laboratorio socio-politico della parrocchia San [&hellip;]<\/p>\n","protected":false},"author":1,"featured_media":0,"parent":0,"menu_order":0,"comment_status":"closed","ping_status":"closed","template":"","meta":{"footnotes":""},"class_list":["post-127","page","type-page","status-publish","hentry"],"acf":[],"_links":{"self":[{"href":"https:\/\/www.arcidiocesigaeta.it\/caritas\/wp-json\/wp\/v2\/pages\/127","targetHints":{"allow":["GET"]}}],"collection":[{"href":"https:\/\/www.arcidiocesigaeta.it\/caritas\/wp-json\/wp\/v2\/pages"}],"about":[{"href":"https:\/\/www.arcidiocesigaeta.it\/caritas\/wp-json\/wp\/v2\/types\/page"}],"author":[{"embeddable":true,"href":"https:\/\/www.arcidiocesigaeta.it\/caritas\/wp-json\/wp\/v2\/users\/1"}],"replies":[{"embeddable":true,"href":"https:\/\/www.arcidiocesigaeta.it\/caritas\/wp-json\/wp\/v2\/comments?post=127"}],"version-history":[{"count":1,"href":"https:\/\/www.arcidiocesigaeta.it\/caritas\/wp-json\/wp\/v2\/pages\/127\/revisions"}],"predecessor-version":[{"id":2940,"href":"https:\/\/www.arcidiocesigaeta.it\/caritas\/wp-json\/wp\/v2\/pages\/127\/revisions\/2940"}],"wp:attachment":[{"href":"https:\/\/www.arcidiocesigaeta.it\/caritas\/wp-json\/wp\/v2\/media?parent=127"}],"curies":[{"name":"wp","href":"https:\/\/api.w.org\/{rel}","templated":true}]}}