{"id":1933,"date":"2022-04-12T09:06:45","date_gmt":"2022-04-12T07:06:45","guid":{"rendered":"https:\/\/www.caritasgaeta.it\/?page_id=1933"},"modified":"2025-04-13T17:11:35","modified_gmt":"2025-04-13T15:11:35","slug":"ascolto","status":"publish","type":"page","link":"https:\/\/www.arcidiocesigaeta.it\/caritas\/ascolto\/","title":{"rendered":"Ascolto"},"content":{"rendered":"<p><span id=\"page8R_mcid0\" class=\"markedContent\"><span dir=\"ltr\" role=\"presentation\">La Caritas Diocesana opera in stretta collaborazione con i <\/span><\/span><span id=\"page8R_mcid1\" class=\"markedContent\"><span dir=\"ltr\" role=\"presentation\">Centri<\/span> <span dir=\"ltr\" role=\"presentation\">d&#8217;Ascolto<\/span> <span dir=\"ltr\" role=\"presentation\">Parrocchiali<\/span> <span dir=\"ltr\" role=\"presentation\">con<\/span> <span dir=\"ltr\" role=\"presentation\">l\u2019obiettivo<\/span> <span dir=\"ltr\" role=\"presentation\">di<\/span> <span dir=\"ltr\" role=\"presentation\">delineare <\/span><\/span><span id=\"page8R_mcid2\" class=\"markedContent\"><span dir=\"ltr\" role=\"presentation\">insieme Progetti Formativi Personalizzati (PFP)<\/span><\/span><span id=\"page8R_mcid3\" class=\"markedContent\"><br role=\"presentation\" \/><\/span><\/p>\n<p><strong><span id=\"page8R_mcid3\" class=\"markedContent\"><span dir=\"ltr\" role=\"presentation\">Centro Servizi Mons. Fiore<\/span><\/span><\/strong><span id=\"page8R_mcid4\" class=\"markedContent\"><br role=\"presentation\" \/><span dir=\"ltr\" role=\"presentation\">Marted\u00ec 9:00-11:00 e Venerd\u00ec 17:30-19:00<\/span><\/span><span id=\"page8R_mcid5\" class=\"markedContent\"><\/span><span id=\"page8R_mcid6\" class=\"markedContent\"><\/span><\/p>\n<p><span id=\"page8R_mcid6\" class=\"markedContent\"><br role=\"presentation\" \/><strong><span dir=\"ltr\" role=\"presentation\">Centro Servizi San Vincenzo Pallotti<\/span><\/strong><\/span><span id=\"page8R_mcid7\" class=\"markedContent\"><\/span><span id=\"page8R_mcid8\" class=\"markedContent\"><br role=\"presentation\" \/><span dir=\"ltr\" role=\"presentation\">Mercoled\u00ec 9:30-12:30 o su appuntamento<\/span><\/span><\/p>\n","protected":false},"excerpt":{"rendered":"<p>La Caritas Diocesana opera in stretta collaborazione con i Centri d&#8217;Ascolto Parrocchiali con l\u2019obiettivo di delineare insieme Progetti Formativi Personalizzati (PFP) Centro Servizi Mons. FioreMarted\u00ec 9:00-11:00 e Venerd\u00ec 17:30-19:00 Centro Servizi San Vincenzo PallottiMercoled\u00ec 9:30-12:30 o su appuntamento<\/p>\n","protected":false},"author":1,"featured_media":0,"parent":0,"menu_order":0,"comment_status":"closed","ping_status":"closed","template":"","meta":{"footnotes":""},"class_list":["post-1933","page","type-page","status-publish","hentry"],"acf":[],"_links":{"self":[{"href":"https:\/\/www.arcidiocesigaeta.it\/caritas\/wp-json\/wp\/v2\/pages\/1933","targetHints":{"allow":["GET"]}}],"collection":[{"href":"https:\/\/www.arcidiocesigaeta.it\/caritas\/wp-json\/wp\/v2\/pages"}],"about":[{"href":"https:\/\/www.arcidiocesigaeta.it\/caritas\/wp-json\/wp\/v2\/types\/page"}],"author":[{"embeddable":true,"href":"https:\/\/www.arcidiocesigaeta.it\/caritas\/wp-json\/wp\/v2\/users\/1"}],"replies":[{"embeddable":true,"href":"https:\/\/www.arcidiocesigaeta.it\/caritas\/wp-json\/wp\/v2\/comments?post=1933"}],"version-history":[{"count":1,"href":"https:\/\/www.arcidiocesigaeta.it\/caritas\/wp-json\/wp\/v2\/pages\/1933\/revisions"}],"predecessor-version":[{"id":2918,"href":"https:\/\/www.arcidiocesigaeta.it\/caritas\/wp-json\/wp\/v2\/pages\/1933\/revisions\/2918"}],"wp:attachment":[{"href":"https:\/\/www.arcidiocesigaeta.it\/caritas\/wp-json\/wp\/v2\/media?parent=1933"}],"curies":[{"name":"wp","href":"https:\/\/api.w.org\/{rel}","templated":true}]}}