{"id":2550,"date":"2023-01-11T10:58:52","date_gmt":"2023-01-11T09:58:52","guid":{"rendered":"https:\/\/www.caritasgaeta.it\/?page_id=2550"},"modified":"2025-04-13T17:28:06","modified_gmt":"2025-04-13T15:28:06","slug":"opportunita-dal-territorio","status":"publish","type":"page","link":"https:\/\/www.arcidiocesigaeta.it\/caritas\/opportunita-dal-territorio\/","title":{"rendered":"Opportunit\u00e0 dal territorio"},"content":{"rendered":"<h1 class=\"vc_custom_heading\">Il Programma GOL \u201cGaranzia di Occupabilit\u00e0 dei Lavoratori\u201d<\/h1>\n<div class=\"wpb_text_column wpb_content_element\">\n<div class=\"wpb_wrapper\">\n<p>L\u2019\u00a0<em>Area Lavoro<\/em>\u00a0della Caritas diocesana segnala un\u2019opportunit\u00e0 interessante, promossa dalla Regione Lazio, da poter divulgare nelle comunit\u00e0 e sui vari territori.<\/p>\n<p><strong>Il Programma GOL \u201cGaranzia di Occupabilit\u00e0 dei Lavoratori\u201d\u00a0<\/strong>\u00e8 un intervento nazionale finanziato dall\u2019Unione Europea \u2013 nell\u2019ambito del PNRR \u2013 e rappresenta il perno dell\u2019azione di riforma delle politiche attive del lavoro e della gestione di misure finalizzate a contrastare la disoccupazione. GOL \u00e8 un\u2019offerta di servizi per l\u2019inserimento e il reinserimento lavorativo, la qualificazione o riqualificazione professionale dei lavoratori. Ha l\u2019obiettivo di\u00a0<strong>migliorare le opportunit\u00e0 di ricerca e accompagnamento al lavoro delle persone in cerca di una nuova occupazione<\/strong>.<\/p>\n<p>&nbsp;<\/p>\n<p><strong>Quali sono gli\u00a0<u>obiettivi strategici<\/u>\u00a0del Programma GOL:\u00a0<\/strong><\/p>\n<ul>\n<li>Aumentare il tasso di occupazione, facilitando le transizioni lavorative, attraverso interventi personalizzati e assicurando una formazione adeguata;<\/li>\n<li>Sostenere le persone e i loro specifici fabbisogni attraverso interventi di politiche attive del lavoro e formazione;<\/li>\n<li>Ridurre il divario di competenze;<\/li>\n<li>Aumentare la quantit\u00e0 e la qualit\u00e0 dei programmi di formazione dei disoccupati e dei giovani, anche attraverso un investimento sulla formazione continua degli occupati.<\/li>\n<\/ul>\n<p><strong>\u00a0<\/strong><\/p>\n<p><strong>Chi sono i\u00a0<u>beneficiari<\/u>\u00a0del Programma GOL:\u00a0<\/strong><\/p>\n<p>Il Programma GOL si rivolge a coloro che affrontano problemi di disoccupazione, crisi lavorativa o svolgono lavori con redditi molto bassi.<\/p>\n<ul>\n<li><strong>Beneficiari di ammortizzatori sociali in costanza di rapporto di lavoro<\/strong>: a legislazione vigente si tratta di quei lavoratori per i quali cio\u00e8 sia prevista una riduzione superiore al 50 per cento dell\u2019orario di lavoro, calcolato in un periodo di dodici mesi;<\/li>\n<li><strong>Beneficiari di ammortizzatori sociali in assenza di rapporto di lavoro<\/strong>: disoccupati percettori di NASPI o DIS-COLL;<\/li>\n<li><strong>Beneficiari di sostegno al reddito di natura assistenziale<\/strong>: percettori del Reddito di Cittadinanza;<\/li>\n<li><strong>Lavoratori fragili o vulnerabili<\/strong>: giovani di et\u00e0 inferiore ai 30 anni, che non studiano, non lavorano e non seguono un percorso di formazione (NEET), donne in condizioni di svantaggio, persone con disabilit\u00e0, lavoratori maturi (55 anni e oltre);<\/li>\n<li><strong>Disoccupati senza sostegno al reddito<\/strong>: disoccupati da almeno sei mesi, altri lavoratori con minori opportunit\u00e0 occupazionali (giovani e donne, anche non in condizioni fragilit\u00e0), lavoratori autonomi che cessano l\u2019attivit\u00e0;<\/li>\n<li><strong>Lavoratori con redditi molto bassi:\u00a0<\/strong>lavoratori il cui reddito da lavoro dipendente o autonomo sia inferiore alla soglia dell\u2019incapienza secondo la disciplina fiscale.<\/li>\n<\/ul>\n<p><strong>\u00a0<\/strong><\/p>\n<p><strong>Quali sono i\u00a0<u>percorsi GOL<\/u>:<\/strong><\/p>\n<p>Gli utenti che aderiscono al Programma GOL saranno inseriti in percorsi specifici e personalizzati.<\/p>\n<ul>\n<li><strong>Reinserimento lavorativo<\/strong>: per coloro che sono pi\u00f9 vicini al mercato del lavoro sono previsti servizi di orientamento e intermediazione per l\u2019accompagnamento al lavoro;<\/li>\n<li><strong>Upskilling<\/strong>: per i lavoratori con competenze spendibili sul mercato del lavoro ma che necessitano di interventi formativi sono previsti aggiornamenti professionali prevalentemente di breve durata;<\/li>\n<li><strong>Reskilling<\/strong>: per i lavoratori lontani dal mercato del lavoro e con competenze non adeguate alle richieste, sono previsti interventi di riqualificazione professionale pi\u00f9 approfondita;<\/li>\n<li><strong>Lavoro e inclusione<\/strong>: nei casi di bisogni complessi, cio\u00e8 in presenza di ostacoli e barriere che vanno oltre la dimensione lavorativa si prevede, in aggiunta, l\u2019attivazione della rete dei servizi territoriali (a seconda dei casi, educativi, sociali, socio-sanitari, di conciliazione);<\/li>\n<li><strong>Ricollocazione collettiva<\/strong>: per i lavoratori coinvolti in situazioni aziendali di crisi \u00e8 prevista la valutazione delle chances occupazionali sulla base della professionalit\u00e0 posseduta e del contesto territoriale di riferimento al fine di individuare le soluzioni idonee.<\/li>\n<\/ul>\n<p><strong>\u00a0<\/strong><\/p>\n<p><strong>Il ruolo centrale dei Centri per l\u2019Impiego:\u00a0<\/strong><\/p>\n<p>I beneficiari del Programma GOL saranno presi in carico\u00a0<strong><u>dal proprio Centro per l\u2019Impiego di riferimento<\/u><\/strong>.<br \/>\nGli operatori accoglieranno gli utenti e daranno loro le prime informazioni sul Programma che prevede le seguenti fasi:<\/p>\n<ul>\n<li>Dichiarazione di Immediata Disponibilit\u00e0 al Lavoro, resa su MyANPAL autonomamente dall\u2019utente o tramite un intermediario (un Centro per l\u2019Impiego o un Patronato) e profilazione quantitativa (raccolta di dati per valutare il livello di occupabilit\u00e0 degli utenti);<\/li>\n<li>Colloquio per una valutazione professionale relativa a dimensioni quali: coerenza tra aspettative, esperienze pregresse e competenze; disponibilit\u00e0 alla formazione e crescita professionale; disponibilit\u00e0 alla mobilit\u00e0 territoriale; attivazione ed efficacia nella ricerca di lavoro, ecc;<\/li>\n<li>Sulla base della valutazione svolta, l\u2019utente viene indirizzato a uno dei diversi percorsi previsti dal programma GOL a seconda della distanza dal mercato del lavoro:\n<ul>\n<li>Percorso 1: Reinserimento lavorativo<\/li>\n<li>Percorso 2: Upskilling (Aggiornamento)<\/li>\n<li>Percorso 3: Reskilling (Riqualificazione)<\/li>\n<li>Percorso 4: Inclusione sociale<\/li>\n<li>Percorso 5: Ricollocazione collettiva<\/li>\n<\/ul>\n<\/li>\n<li>Infine, il beneficiario sottoscriver\u00e0 il\u00a0<strong>Patto di Servizio\/Patto per il Lavoro<\/strong>\u00a0\u2013 ovvero un accordo tra l\u2019utente e il Centro per l\u2019Impiego che regola gli impegni dell\u2019utente stesso e definisce i servizi erogati dal CpI o dal soggetto accreditato individuato \u2013 e sar\u00e0 riconvocato per le attivit\u00e0 e gli interventi successivi alla sottoscrizione del Patto che saranno di competenza dei Centri per l\u2019impiego e degli Enti Accreditati ai Servizi per il Lavoro e la Formazione, tenuto conto della tipologia di percorso emerso all\u2019esito delle valutazioni di cui sopra.<\/li>\n<\/ul>\n<p>&nbsp;<\/p>\n<p>Per avere ulteriori e pi\u00f9 approfondite informazioni,\u00a0<strong>visitate il sito\u00a0<a href=\"http:\/\/www.regione.lazio.it\/cittadini\/lavoro\/Gol-Garanzia-Occupabilita-Lavoratori\" target=\"_blank\" rel=\"noopener\">www.regione.lazio.it\/cittadini\/lavoro\/Gol-Garanzia-Occupabilita-Lavoratori<\/a>\u00a0<\/strong>oppure\u00a0<strong><u>contattate il vostro Centro per l\u2019Impiego di riferimento<\/u><\/strong>.<\/p>\n<\/div>\n<\/div>\n","protected":false},"excerpt":{"rendered":"<p>Il Programma GOL \u201cGaranzia di Occupabilit\u00e0 dei Lavoratori\u201d L\u2019\u00a0Area Lavoro\u00a0della Caritas diocesana segnala un\u2019opportunit\u00e0 interessante, promossa dalla Regione Lazio, da poter divulgare nelle comunit\u00e0 e sui vari territori. Il Programma GOL \u201cGaranzia di Occupabilit\u00e0 dei Lavoratori\u201d\u00a0\u00e8 un intervento nazionale finanziato dall\u2019Unione Europea \u2013 nell\u2019ambito del PNRR \u2013 e rappresenta il perno dell\u2019azione di riforma delle [&hellip;]<\/p>\n","protected":false},"author":1,"featured_media":0,"parent":0,"menu_order":0,"comment_status":"closed","ping_status":"closed","template":"","meta":{"footnotes":""},"class_list":["post-2550","page","type-page","status-publish","hentry"],"acf":[],"_links":{"self":[{"href":"https:\/\/www.arcidiocesigaeta.it\/caritas\/wp-json\/wp\/v2\/pages\/2550","targetHints":{"allow":["GET"]}}],"collection":[{"href":"https:\/\/www.arcidiocesigaeta.it\/caritas\/wp-json\/wp\/v2\/pages"}],"about":[{"href":"https:\/\/www.arcidiocesigaeta.it\/caritas\/wp-json\/wp\/v2\/types\/page"}],"author":[{"embeddable":true,"href":"https:\/\/www.arcidiocesigaeta.it\/caritas\/wp-json\/wp\/v2\/users\/1"}],"replies":[{"embeddable":true,"href":"https:\/\/www.arcidiocesigaeta.it\/caritas\/wp-json\/wp\/v2\/comments?post=2550"}],"version-history":[{"count":2,"href":"https:\/\/www.arcidiocesigaeta.it\/caritas\/wp-json\/wp\/v2\/pages\/2550\/revisions"}],"predecessor-version":[{"id":2927,"href":"https:\/\/www.arcidiocesigaeta.it\/caritas\/wp-json\/wp\/v2\/pages\/2550\/revisions\/2927"}],"wp:attachment":[{"href":"https:\/\/www.arcidiocesigaeta.it\/caritas\/wp-json\/wp\/v2\/media?parent=2550"}],"curies":[{"name":"wp","href":"https:\/\/api.w.org\/{rel}","templated":true}]}}