{"id":707,"date":"2019-04-17T22:00:41","date_gmt":"2019-04-17T20:00:41","guid":{"rendered":"https:\/\/www.caritasgaeta.it\/?page_id=707"},"modified":"2025-05-15T09:24:31","modified_gmt":"2025-05-15T07:24:31","slug":"modulistica","status":"publish","type":"page","link":"https:\/\/www.arcidiocesigaeta.it\/caritas\/modulistica\/","title":{"rendered":"Modulistica"},"content":{"rendered":"<h4 style=\"text-align: left;\"><span style=\"vertical-align: inherit;\"><span style=\"vertical-align: inherit;\">Osare passi nuovi<br \/>\n<\/span><\/span><\/h4>\n<p><a href=\"http:\/\/www.arcidiocesigaeta.it\/caritas\/wp-content\/uploads\/sites\/9\/2025\/05\/Brochure-Osare-passi-nuovi-1.pdf\">Brochure-Osare-passi-nuovi-1<\/a><br \/>\n<a href=\"http:\/\/www.arcidiocesigaeta.it\/caritas\/wp-content\/uploads\/sites\/9\/2025\/05\/MODULO-DI-ADESIONE-PROGETTI.pdf\">MODULO-DI-ADESIONE-PROGETTI<\/a><\/p>\n<h4 style=\"text-align: left;\">Modulistica Generale<\/h4>\n<p><a href=\"http:\/\/www.arcidiocesigaeta.it\/caritas\/wp-content\/uploads\/sites\/9\/2025\/05\/allegato-H.docx\">allegato-H<\/a><br \/>\n<a href=\"http:\/\/www.arcidiocesigaeta.it\/caritas\/wp-content\/uploads\/sites\/9\/2025\/05\/8xmille-GUIDA-ALLACCESSO.pdf\">8xmille GUIDA-ALLACCESSO<\/a><br \/>\n<a href=\"http:\/\/www.arcidiocesigaeta.it\/caritas\/wp-content\/uploads\/sites\/9\/2025\/05\/8xmille-ALLEGATO-A_RICHIESTA-CONTRIBUTO.pdf\">8xmille ALLEGATO-A_RICHIESTA-CONTRIBUTO<\/a><br \/>\n<a href=\"http:\/\/www.arcidiocesigaeta.it\/caritas\/wp-content\/uploads\/sites\/9\/2025\/05\/8xmille-ALLEGATO-B_SCHEDA-ATTIVITA.pdf\">8xmille ALLEGATO-B_SCHEDA-ATTIVITA<\/a><br \/>\n<a href=\"http:\/\/www.arcidiocesigaeta.it\/caritas\/wp-content\/uploads\/sites\/9\/2025\/05\/8xmille-ALLEGATO-C_LETTERA-RENDICONTAZIONE.pdf\">8xmille ALLEGATO-C_LETTERA-RENDICONTAZIONE<\/a><br \/>\n<a href=\"http:\/\/www.arcidiocesigaeta.it\/caritas\/wp-content\/uploads\/sites\/9\/2025\/05\/8xmille-ALLEGATO-D_SCHEDA-VERIFICA.pdf\">8xmille ALLEGATO-D_SCHEDA-VERIFICA<\/a><br \/>\n<a href=\"http:\/\/www.arcidiocesigaeta.it\/caritas\/wp-content\/uploads\/sites\/9\/2025\/05\/Informativa_riprese_video_foto.pdf\">Informativa_riprese_video_foto<\/a><\/p>\n<h4 style=\"text-align: left;\">Report Diocesani<\/h4>\n<p><a href=\"http:\/\/www.arcidiocesigaeta.it\/caritas\/wp-content\/uploads\/sites\/9\/2025\/05\/REPORT-2018.pdf\">REPORT 2018<\/a><\/p>\n<h4 style=\"text-align: left;\"><span style=\"vertical-align: inherit;\"><span style=\"vertical-align: inherit;\">Modulistica Centro di Ascolto Parrocchiale<\/span><\/span><\/h4>\n<p><a href=\"http:\/\/www.arcidiocesigaeta.it\/caritas\/wp-content\/uploads\/sites\/9\/2025\/05\/2023_Scheda-Aggiornamento-Dati-OspoWeb.pdf\">2023_Scheda-Aggiornamento-Dati-OspoWeb<\/a><br \/>\n<a href=\"http:\/\/www.arcidiocesigaeta.it\/caritas\/wp-content\/uploads\/sites\/9\/2025\/05\/cda_comunicazione_iban.pdf\">cda_comunicazione_iban<\/a><br \/>\n<a href=\"http:\/\/www.arcidiocesigaeta.it\/caritas\/wp-content\/uploads\/sites\/9\/2025\/05\/MODULO-DI-ACCESSO-SERVIZIO-ODONTOIATRICO.pdf\">MODULO-DI-ACCESSO-SERVIZIO-ODONTOIATRICO<\/a><br \/>\n<a href=\"http:\/\/www.arcidiocesigaeta.it\/caritas\/wp-content\/uploads\/sites\/9\/2025\/05\/MODULO-DI-CONTRIBUTO-AL-REDDITO-PARROCCHIE-2.pdf\">MODULO-DI-CONTRIBUTO-AL-REDDITO-PARROCCHIE-2<\/a><br \/>\n<a href=\"http:\/\/www.arcidiocesigaeta.it\/caritas\/wp-content\/uploads\/sites\/9\/2025\/05\/Scheda-Informativa-personale.pdf\">Scheda-Informativa-personale<\/a><\/p>\n<h4 style=\"text-align: left;\"><span style=\"vertical-align: inherit;\"><span style=\"vertical-align: inherit;\">Modulistica Ospoweb<\/span><\/span><\/h4>\n<p style=\"text-align: left;\">Il software OspoWeb ha l\u2019obiettivo di sostenere in maniera pi\u00f9 efficace l\u2019attivit\u00e0 di raccolta dati relativa alle persone in difficolt\u00e0 da parte dei Centri di Ascolto e degli Osservatori delle Povert\u00e0 e delle Risorse promossi dalle Caritas diocesane.<\/p>\n<p style=\"text-align: left;\">Di seguito la modulistica inerente il servizio.<\/p>\n<p><a href=\"http:\/\/www.arcidiocesigaeta.it\/caritas\/wp-content\/uploads\/sites\/9\/2025\/05\/Richiesta-del-parroco-per-la-nomina-incaricato-Ospoweb.doc\">Richiesta-del-parroco-per-la-nomina-incaricato-Ospoweb<\/a><br \/>\n<a href=\"http:\/\/www.arcidiocesigaeta.it\/caritas\/wp-content\/uploads\/sites\/9\/2025\/05\/Allegato-E.docx\">Allegato E<\/a><br \/>\n<a href=\"http:\/\/www.arcidiocesigaeta.it\/caritas\/wp-content\/uploads\/sites\/9\/2025\/05\/allegato-H.pdf\">allegato-H<\/a><\/p>\n<h4 style=\"text-align: left;\"><span style=\"vertical-align: inherit;\"><span style=\"vertical-align: inherit;\">Servizi del territorio sul Gioco d&#8217;azzardo<\/span><\/span><\/h4>\n<p><a href=\"http:\/\/www.arcidiocesigaeta.it\/caritas\/wp-content\/uploads\/sites\/9\/2025\/05\/gap_servizi_asl_territoriali.pdf\">gap_servizi_asl_territoriali<\/a><br \/>\n<a href=\"http:\/\/www.arcidiocesigaeta.it\/caritas\/wp-content\/uploads\/sites\/9\/2025\/05\/gap_servizi_cura_latina_provincia.pdf\">gap_servizi_cura_latina_provincia<\/a><\/p>\n","protected":false},"excerpt":{"rendered":"<p>Osare passi nuovi Brochure-Osare-passi-nuovi-1 MODULO-DI-ADESIONE-PROGETTI Modulistica Generale allegato-H 8xmille GUIDA-ALLACCESSO 8xmille ALLEGATO-A_RICHIESTA-CONTRIBUTO 8xmille ALLEGATO-B_SCHEDA-ATTIVITA 8xmille ALLEGATO-C_LETTERA-RENDICONTAZIONE 8xmille ALLEGATO-D_SCHEDA-VERIFICA Informativa_riprese_video_foto Report Diocesani REPORT 2018 Modulistica Centro di Ascolto Parrocchiale 2023_Scheda-Aggiornamento-Dati-OspoWeb cda_comunicazione_iban MODULO-DI-ACCESSO-SERVIZIO-ODONTOIATRICO MODULO-DI-CONTRIBUTO-AL-REDDITO-PARROCCHIE-2 Scheda-Informativa-personale Modulistica Ospoweb Il software OspoWeb ha l\u2019obiettivo di sostenere in maniera pi\u00f9 efficace l\u2019attivit\u00e0 di raccolta dati relativa alle persone in difficolt\u00e0 [&hellip;]<\/p>\n","protected":false},"author":1,"featured_media":0,"parent":0,"menu_order":6,"comment_status":"closed","ping_status":"closed","template":"","meta":{"footnotes":""},"class_list":["post-707","page","type-page","status-publish","hentry"],"acf":[],"_links":{"self":[{"href":"https:\/\/www.arcidiocesigaeta.it\/caritas\/wp-json\/wp\/v2\/pages\/707","targetHints":{"allow":["GET"]}}],"collection":[{"href":"https:\/\/www.arcidiocesigaeta.it\/caritas\/wp-json\/wp\/v2\/pages"}],"about":[{"href":"https:\/\/www.arcidiocesigaeta.it\/caritas\/wp-json\/wp\/v2\/types\/page"}],"author":[{"embeddable":true,"href":"https:\/\/www.arcidiocesigaeta.it\/caritas\/wp-json\/wp\/v2\/users\/1"}],"replies":[{"embeddable":true,"href":"https:\/\/www.arcidiocesigaeta.it\/caritas\/wp-json\/wp\/v2\/comments?post=707"}],"version-history":[{"count":7,"href":"https:\/\/www.arcidiocesigaeta.it\/caritas\/wp-json\/wp\/v2\/pages\/707\/revisions"}],"predecessor-version":[{"id":2970,"href":"https:\/\/www.arcidiocesigaeta.it\/caritas\/wp-json\/wp\/v2\/pages\/707\/revisions\/2970"}],"wp:attachment":[{"href":"https:\/\/www.arcidiocesigaeta.it\/caritas\/wp-json\/wp\/v2\/media?parent=707"}],"curies":[{"name":"wp","href":"https:\/\/api.w.org\/{rel}","templated":true}]}}