{"id":1448,"date":"2019-12-01T12:08:17","date_gmt":"2019-12-01T11:08:17","guid":{"rendered":"https:\/\/www.arcidiocesigaeta.it\/famiglia\/?page_id=1448"},"modified":"2019-12-01T12:53:05","modified_gmt":"2019-12-01T11:53:05","slug":"incontriamoci","status":"publish","type":"page","link":"https:\/\/www.arcidiocesigaeta.it\/famiglia\/famiglie-a-teatro\/incontriamoci\/","title":{"rendered":"Incontriamoci"},"content":{"rendered":"\n<h2>Famiglie a Teatro 2019<\/h2>\n<p><img loading=\"lazy\" decoding=\"async\" class=\"alignleft wp-image-1449 size-large\" src=\"https:\/\/www.arcidiocesigaeta.it\/famiglia\/wp-content\/uploads\/sites\/10\/2019\/12\/locandina20191208-724x1024.png\" alt=\"\" width=\"690\" height=\"976\" srcset=\"https:\/\/www.arcidiocesigaeta.it\/famiglia\/wp-content\/uploads\/sites\/10\/2019\/12\/locandina20191208-724x1024.png 724w, https:\/\/www.arcidiocesigaeta.it\/famiglia\/wp-content\/uploads\/sites\/10\/2019\/12\/locandina20191208-212x300.png 212w, https:\/\/www.arcidiocesigaeta.it\/famiglia\/wp-content\/uploads\/sites\/10\/2019\/12\/locandina20191208-768x1086.png 768w, https:\/\/www.arcidiocesigaeta.it\/famiglia\/wp-content\/uploads\/sites\/10\/2019\/12\/locandina20191208-106x150.png 106w\" sizes=\"auto, (max-width: 690px) 100vw, 690px\" \/>L\u20198 dicembre presso la parrocchia Cuore Immacolato di Maria di Formia alle ore 19:00, le famiglie della Pastorale Familiare presenteranno lo spettacolo conclusivo del laboratorio teatrale.<br \/>Una performance per raccontare, con ironia e fantasia, quanto elaborato nel seminario \u201cIn cammino\u201d svoltosi in agosto a Pesaro. Personaggi inventati si cimenteranno nella rielaborazione di ricordi,\u00a0 cura delle ferite, scioglimento dei nodi, fino a diventare genitori di se stessi e della vita. <br \/>Partiti dall\u2019impersonare quelle caratteristiche degli altri che ci innervosiscono, hanno giocato a neutralizzare il fastidio attraverso la catarsi. I ricordi, anche dolorosi, si sono trasformati in farsa clownesca per disinnescare quanto nella vita pu\u00f2 ferire. <br \/>Si \u00e8 riso e scherzato, vincendo reticenze, timidezze e distanze, tutti insieme: perch\u00e9 essere Chiesa \u00e8 fare comunit\u00e0.<br \/>Otto scenografi, 23 attori, dai 5 anni di et\u00e0 agli over 60, tra narrazioni del vissuto e citazioni letterarie da Calvino, Kristof e Squizzato, vi faranno vivere quanto questa possibilit\u00e0 sia concreta.<\/p>\n<p><img loading=\"lazy\" decoding=\"async\" class=\"aligncenter wp-image-1451\" src=\"https:\/\/www.arcidiocesigaeta.it\/famiglia\/wp-content\/uploads\/sites\/10\/2019\/12\/articolo.png\" alt=\"\" width=\"398\" height=\"411\" srcset=\"https:\/\/www.arcidiocesigaeta.it\/famiglia\/wp-content\/uploads\/sites\/10\/2019\/12\/articolo.png 723w, https:\/\/www.arcidiocesigaeta.it\/famiglia\/wp-content\/uploads\/sites\/10\/2019\/12\/articolo-290x300.png 290w, https:\/\/www.arcidiocesigaeta.it\/famiglia\/wp-content\/uploads\/sites\/10\/2019\/12\/articolo-145x150.png 145w\" sizes=\"auto, (max-width: 398px) 100vw, 398px\" \/><\/p>\n","protected":false},"excerpt":{"rendered":"","protected":false},"author":1,"featured_media":0,"parent":1443,"menu_order":1,"comment_status":"closed","ping_status":"closed","template":"","meta":{"footnotes":""},"class_list":["post-1448","page","type-page","status-publish","hentry"],"acf":[],"yoast_head":"<!-- This site is optimized with the Yoast SEO plugin v25.2 - https:\/\/yoast.com\/wordpress\/plugins\/seo\/ -->\n<title>Incontriamoci - Ufficio Diocesano di Pastorale Familiare<\/title>\n<meta name=\"robots\" content=\"index, follow, max-snippet:-1, max-image-preview:large, max-video-preview:-1\" \/>\n<link rel=\"canonical\" href=\"https:\/\/www.arcidiocesigaeta.it\/famiglia\/famiglie-a-teatro\/incontriamoci\/\" \/>\n<meta property=\"og:locale\" content=\"it_IT\" \/>\n<meta property=\"og:type\" content=\"article\" \/>\n<meta property=\"og:title\" content=\"Incontriamoci - Ufficio Diocesano di Pastorale Familiare\" \/>\n<meta property=\"og:url\" content=\"https:\/\/www.arcidiocesigaeta.it\/famiglia\/famiglie-a-teatro\/incontriamoci\/\" \/>\n<meta property=\"og:site_name\" content=\"Ufficio Diocesano di Pastorale Familiare\" \/>\n<meta property=\"article:modified_time\" content=\"2019-12-01T11:53:05+00:00\" \/>\n<meta property=\"og:image\" content=\"https:\/\/www.arcidiocesigaeta.it\/famiglia\/wp-content\/uploads\/2019\/12\/locandina20191208-724x1024.png\" \/>\n<meta name=\"twitter:card\" content=\"summary_large_image\" \/>\n<meta name=\"twitter:label1\" content=\"Tempo di lettura stimato\" \/>\n\t<meta name=\"twitter:data1\" content=\"1 minuto\" \/>\n<script type=\"application\/ld+json\" class=\"yoast-schema-graph\">{\"@context\":\"https:\/\/schema.org\",\"@graph\":[{\"@type\":\"WebPage\",\"@id\":\"https:\/\/www.arcidiocesigaeta.it\/famiglia\/famiglie-a-teatro\/incontriamoci\/\",\"url\":\"https:\/\/www.arcidiocesigaeta.it\/famiglia\/famiglie-a-teatro\/incontriamoci\/\",\"name\":\"Incontriamoci - Ufficio Diocesano di Pastorale Familiare\",\"isPartOf\":{\"@id\":\"https:\/\/www.arcidiocesigaeta.it\/famiglia\/#website\"},\"primaryImageOfPage\":{\"@id\":\"https:\/\/www.arcidiocesigaeta.it\/famiglia\/famiglie-a-teatro\/incontriamoci\/#primaryimage\"},\"image\":{\"@id\":\"https:\/\/www.arcidiocesigaeta.it\/famiglia\/famiglie-a-teatro\/incontriamoci\/#primaryimage\"},\"thumbnailUrl\":\"https:\/\/www.arcidiocesigaeta.it\/famiglia\/wp-content\/uploads\/sites\/10\/2019\/12\/locandina20191208-724x1024.png\",\"datePublished\":\"2019-12-01T11:08:17+00:00\",\"dateModified\":\"2019-12-01T11:53:05+00:00\",\"breadcrumb\":{\"@id\":\"https:\/\/www.arcidiocesigaeta.it\/famiglia\/famiglie-a-teatro\/incontriamoci\/#breadcrumb\"},\"inLanguage\":\"it-IT\",\"potentialAction\":[{\"@type\":\"ReadAction\",\"target\":[\"https:\/\/www.arcidiocesigaeta.it\/famiglia\/famiglie-a-teatro\/incontriamoci\/\"]}]},{\"@type\":\"ImageObject\",\"inLanguage\":\"it-IT\",\"@id\":\"https:\/\/www.arcidiocesigaeta.it\/famiglia\/famiglie-a-teatro\/incontriamoci\/#primaryimage\",\"url\":\"https:\/\/www.arcidiocesigaeta.it\/famiglia\/wp-content\/uploads\/sites\/10\/2019\/12\/locandina20191208.png\",\"contentUrl\":\"https:\/\/www.arcidiocesigaeta.it\/famiglia\/wp-content\/uploads\/sites\/10\/2019\/12\/locandina20191208.png\",\"width\":2480,\"height\":3508},{\"@type\":\"BreadcrumbList\",\"@id\":\"https:\/\/www.arcidiocesigaeta.it\/famiglia\/famiglie-a-teatro\/incontriamoci\/#breadcrumb\",\"itemListElement\":[{\"@type\":\"ListItem\",\"position\":1,\"name\":\"Home\",\"item\":\"https:\/\/www.arcidiocesigaeta.it\/famiglia\/\"},{\"@type\":\"ListItem\",\"position\":2,\"name\":\"Famiglie a Teatro\",\"item\":\"https:\/\/www.arcidiocesigaeta.it\/famiglia\/famiglie-a-teatro\/\"},{\"@type\":\"ListItem\",\"position\":3,\"name\":\"Incontriamoci\"}]},{\"@type\":\"WebSite\",\"@id\":\"https:\/\/www.arcidiocesigaeta.it\/famiglia\/#website\",\"url\":\"https:\/\/www.arcidiocesigaeta.it\/famiglia\/\",\"name\":\"Ufficio Diocesano di Pastorale Familiare\",\"description\":\"Arcidiocesi di Gaeta\",\"potentialAction\":[{\"@type\":\"SearchAction\",\"target\":{\"@type\":\"EntryPoint\",\"urlTemplate\":\"https:\/\/www.arcidiocesigaeta.it\/famiglia\/?s={search_term_string}\"},\"query-input\":{\"@type\":\"PropertyValueSpecification\",\"valueRequired\":true,\"valueName\":\"search_term_string\"}}],\"inLanguage\":\"it-IT\"}]}<\/script>\n<!-- \/ Yoast SEO plugin. -->","yoast_head_json":{"title":"Incontriamoci - Ufficio Diocesano di Pastorale Familiare","robots":{"index":"index","follow":"follow","max-snippet":"max-snippet:-1","max-image-preview":"max-image-preview:large","max-video-preview":"max-video-preview:-1"},"canonical":"https:\/\/www.arcidiocesigaeta.it\/famiglia\/famiglie-a-teatro\/incontriamoci\/","og_locale":"it_IT","og_type":"article","og_title":"Incontriamoci - Ufficio Diocesano di Pastorale Familiare","og_url":"https:\/\/www.arcidiocesigaeta.it\/famiglia\/famiglie-a-teatro\/incontriamoci\/","og_site_name":"Ufficio Diocesano di Pastorale Familiare","article_modified_time":"2019-12-01T11:53:05+00:00","og_image":[{"url":"https:\/\/www.arcidiocesigaeta.it\/famiglia\/wp-content\/uploads\/2019\/12\/locandina20191208-724x1024.png","type":"","width":"","height":""}],"twitter_card":"summary_large_image","twitter_misc":{"Tempo di lettura stimato":"1 minuto"},"schema":{"@context":"https:\/\/schema.org","@graph":[{"@type":"WebPage","@id":"https:\/\/www.arcidiocesigaeta.it\/famiglia\/famiglie-a-teatro\/incontriamoci\/","url":"https:\/\/www.arcidiocesigaeta.it\/famiglia\/famiglie-a-teatro\/incontriamoci\/","name":"Incontriamoci - Ufficio Diocesano di Pastorale Familiare","isPartOf":{"@id":"https:\/\/www.arcidiocesigaeta.it\/famiglia\/#website"},"primaryImageOfPage":{"@id":"https:\/\/www.arcidiocesigaeta.it\/famiglia\/famiglie-a-teatro\/incontriamoci\/#primaryimage"},"image":{"@id":"https:\/\/www.arcidiocesigaeta.it\/famiglia\/famiglie-a-teatro\/incontriamoci\/#primaryimage"},"thumbnailUrl":"https:\/\/www.arcidiocesigaeta.it\/famiglia\/wp-content\/uploads\/sites\/10\/2019\/12\/locandina20191208-724x1024.png","datePublished":"2019-12-01T11:08:17+00:00","dateModified":"2019-12-01T11:53:05+00:00","breadcrumb":{"@id":"https:\/\/www.arcidiocesigaeta.it\/famiglia\/famiglie-a-teatro\/incontriamoci\/#breadcrumb"},"inLanguage":"it-IT","potentialAction":[{"@type":"ReadAction","target":["https:\/\/www.arcidiocesigaeta.it\/famiglia\/famiglie-a-teatro\/incontriamoci\/"]}]},{"@type":"ImageObject","inLanguage":"it-IT","@id":"https:\/\/www.arcidiocesigaeta.it\/famiglia\/famiglie-a-teatro\/incontriamoci\/#primaryimage","url":"https:\/\/www.arcidiocesigaeta.it\/famiglia\/wp-content\/uploads\/sites\/10\/2019\/12\/locandina20191208.png","contentUrl":"https:\/\/www.arcidiocesigaeta.it\/famiglia\/wp-content\/uploads\/sites\/10\/2019\/12\/locandina20191208.png","width":2480,"height":3508},{"@type":"BreadcrumbList","@id":"https:\/\/www.arcidiocesigaeta.it\/famiglia\/famiglie-a-teatro\/incontriamoci\/#breadcrumb","itemListElement":[{"@type":"ListItem","position":1,"name":"Home","item":"https:\/\/www.arcidiocesigaeta.it\/famiglia\/"},{"@type":"ListItem","position":2,"name":"Famiglie a Teatro","item":"https:\/\/www.arcidiocesigaeta.it\/famiglia\/famiglie-a-teatro\/"},{"@type":"ListItem","position":3,"name":"Incontriamoci"}]},{"@type":"WebSite","@id":"https:\/\/www.arcidiocesigaeta.it\/famiglia\/#website","url":"https:\/\/www.arcidiocesigaeta.it\/famiglia\/","name":"Ufficio Diocesano di Pastorale Familiare","description":"Arcidiocesi di Gaeta","potentialAction":[{"@type":"SearchAction","target":{"@type":"EntryPoint","urlTemplate":"https:\/\/www.arcidiocesigaeta.it\/famiglia\/?s={search_term_string}"},"query-input":{"@type":"PropertyValueSpecification","valueRequired":true,"valueName":"search_term_string"}}],"inLanguage":"it-IT"}]}},"_links":{"self":[{"href":"https:\/\/www.arcidiocesigaeta.it\/famiglia\/wp-json\/wp\/v2\/pages\/1448","targetHints":{"allow":["GET"]}}],"collection":[{"href":"https:\/\/www.arcidiocesigaeta.it\/famiglia\/wp-json\/wp\/v2\/pages"}],"about":[{"href":"https:\/\/www.arcidiocesigaeta.it\/famiglia\/wp-json\/wp\/v2\/types\/page"}],"author":[{"embeddable":true,"href":"https:\/\/www.arcidiocesigaeta.it\/famiglia\/wp-json\/wp\/v2\/users\/1"}],"replies":[{"embeddable":true,"href":"https:\/\/www.arcidiocesigaeta.it\/famiglia\/wp-json\/wp\/v2\/comments?post=1448"}],"version-history":[{"count":5,"href":"https:\/\/www.arcidiocesigaeta.it\/famiglia\/wp-json\/wp\/v2\/pages\/1448\/revisions"}],"predecessor-version":[{"id":1461,"href":"https:\/\/www.arcidiocesigaeta.it\/famiglia\/wp-json\/wp\/v2\/pages\/1448\/revisions\/1461"}],"up":[{"embeddable":true,"href":"https:\/\/www.arcidiocesigaeta.it\/famiglia\/wp-json\/wp\/v2\/pages\/1443"}],"wp:attachment":[{"href":"https:\/\/www.arcidiocesigaeta.it\/famiglia\/wp-json\/wp\/v2\/media?parent=1448"}],"curies":[{"name":"wp","href":"https:\/\/api.w.org\/{rel}","templated":true}]}}