{"id":887,"date":"2017-06-15T16:27:27","date_gmt":"2017-06-15T14:27:27","guid":{"rendered":"https:\/\/www.arcidiocesigaeta.it\/famiglia\/?page_id=887"},"modified":"2025-04-17T15:43:56","modified_gmt":"2025-04-17T13:43:56","slug":"festa-della-famiglia-2017","status":"publish","type":"page","link":"https:\/\/www.arcidiocesigaeta.it\/famiglia\/festa-della-famiglia-2017\/","title":{"rendered":"Festa della Famiglia 2017"},"content":{"rendered":"<h4 style=\"text-align: center;\">Torna a Scauri<br \/>\nFamiglie in Festa<\/h4>\n<p style=\"text-align: right;\"><a href=\"https:\/\/www.arcidiocesigaeta.it\/famiglia\/wp-content\/uploads\/sites\/10\/2017\/06\/LA1106GAE1.pdf\"><span style=\"font-size: 10pt;\">da Avvenire LAZIO7 &#8211; 11 Giugno 2017<\/span><\/a><\/p>\n<hr \/>\n<p style=\"text-align: right;\"><span style=\"font-size: 10pt;\">DI SANDRA E OLINDO PETRILLO<\/span><\/p>\n<p>\u00abBeati voi che uscite\u00bb \u00e8 il tema della festa della famiglia della diocesi di Gaeta: appuntamento che ogni anno si celebra nel mese di giugno. Sar\u00e0 la forania di Minturno a ospitare l\u2019evento che si svolger\u00e0 nella parrocchia di Sant\u2019Albina a Scauri.<\/p>\n<p>La Festa non \u00e8 un momento isolato ma il frutto di un percorso annuale proposto dall\u2019Ufficio della pastorale familiare. Percorso che ha avuto momenti di riflessione sull\u2019esortazione apostolica \u00abAmoris laetitia\u00bb suddivisi in tre incontri guidati sapientemente da padre Alfredo Feretti, direttore del consultorio \u201cLa Famiglia\u201d di Roma, con la delicatezza di chi vive quotidianamente a contatto con la fragilit\u00e0 umana.<\/p>\n<p>Da questi incontri \u00e8 nato un cammino per separati o divorziati risposati che intendono approfondire la loro relazione alla luce della Verit\u00e0 e della Carit\u00e0.<\/p>\n<p>Anche un lettore poco attento sa che tra le beatitudini proposte da Ges\u00f9 nel discorso della<br \/>\nmontagna non compare la beatitudine proposta dalla pastorale familiare per la festa. Allora \u00e8 necessario motivare il perch\u00e9 di questo tema.<\/p>\n<p>\u00abBeati voi che uscite\u00bb perch\u00e9 bisogna avere il coraggio di raccontare le proprie fragilit\u00e0, di saper \u201cuscire\u201d da se stessi e, allo stesso tempo, mettersi nelle \u201cscarpe\u201d dell\u2019altro, senza smarrire la propria identit\u00e0; \u201cuscire\u201d vuol dire incontrarsi.<\/p>\n<p>\u00abBeati voi che uscite\u00bb perch\u00e9 \u00e8 necessario prendersi cura dell\u2019altro, chiunque esso sia, fasciare le ferite senza soffocarle con rigide verit\u00e0; accogliere e non imprigionare; abbracciare e non trattenere. L\u2019altro ha bisogno di essere liberamente cercato, scoperto, valorizzato, accettato con la propria storia senza emettere alcun giudizio, avendo la pazienza di aspettare i suoi tempi.<\/p>\n<p>\u00abBeati voi che uscite\u00bb perch\u00e9 la misericordia \u00e8 la pienezza della giustizia e la manifestazione pi\u00f9 luminosa della Verit\u00e0 di Dio, \u00e8 lei che genera e dona la pienezza della vita. Si \u00e8 figli di Dio solo se si vive di misericordia. Per cui un cristiano \u00e8\u00a0 \u00abbeato\u00bb se si colloca in un contesto di discernimento utile a formare una coscienza carica di un amore misericordioso disposto sempre a comprendere, a perdonare, ad accompagnare, a sperare e soprattutto ad integrare.<\/p>\n<p>\u00abBeati voi che uscite \u00bb perch\u00e9 la Chiesa non \u00e8 una dogana, \u00e8 la casa paterna e materna dove c\u2019\u00e8 posto per ciascuno con la sua vita, le sue fatiche, le sue sconfitte, le sue gioie e i suoi affetti.<\/p>\n<p>Questa sera la festa, aperta a tutti e non solo alle famiglie, inizier\u00e0 alle 19 con la celebrazione Eucaristica presieduta dall\u2019arcivescovo Luigi Vari e, a seguire, nella sala parrocchiale, don Marco Pozza, cappellano del carcere Due Palazzi di\u00a0 Padova, e don Christian Medos, membro dell\u2019\u00e9quipe Spiritualit\u00e0 delle frontiere, racconteranno storie e incontri, proporranno progetti nati dalle sfide che l\u2019umanit\u00e0 pone alla Chiesa, seguendo le indicazioni di papa Francesco: accogliere,<br \/>\ndiscernere, integrare.<\/p>\n<p><a href=\"https:\/\/www.arcidiocesigaeta.it\/famiglia\/festa-della-famiglia-2017\/festa-della-famiglia-2017-audio-foto\/\">Foto e file audio dell&#8217;evento.<\/a><\/p>\n","protected":false},"excerpt":{"rendered":"<p>Torna a Scauri Famiglie in Festa da Avvenire LAZIO7 &#8211; 11 Giugno 2017 DI SANDRA E OLINDO PETRILLO \u00abBeati voi che uscite\u00bb \u00e8 il tema della festa della famiglia della diocesi di Gaeta: appuntamento che ogni anno si celebra nel mese di giugno. Sar\u00e0 la forania di Minturno a ospitare l\u2019evento che si svolger\u00e0 nella [&hellip;]<\/p>\n","protected":false},"author":1,"featured_media":2146,"parent":0,"menu_order":0,"comment_status":"closed","ping_status":"open","template":"","meta":{"footnotes":""},"class_list":["post-887","page","type-page","status-publish","has-post-thumbnail","hentry"],"acf":[],"yoast_head":"<!-- This site is optimized with the Yoast SEO plugin v25.2 - https:\/\/yoast.com\/wordpress\/plugins\/seo\/ -->\n<title>Festa della Famiglia 2017 - Ufficio Diocesano di Pastorale Familiare<\/title>\n<meta name=\"robots\" content=\"index, follow, max-snippet:-1, max-image-preview:large, max-video-preview:-1\" \/>\n<link rel=\"canonical\" href=\"https:\/\/www.arcidiocesigaeta.it\/famiglia\/festa-della-famiglia-2017\/\" \/>\n<meta property=\"og:locale\" content=\"it_IT\" \/>\n<meta property=\"og:type\" content=\"article\" \/>\n<meta property=\"og:title\" content=\"Festa della Famiglia 2017 - Ufficio Diocesano di Pastorale Familiare\" \/>\n<meta property=\"og:description\" content=\"Torna a Scauri Famiglie in Festa da Avvenire LAZIO7 &#8211; 11 Giugno 2017 DI SANDRA E OLINDO PETRILLO \u00abBeati voi che uscite\u00bb \u00e8 il tema della festa della famiglia della diocesi di Gaeta: appuntamento che ogni anno si celebra nel mese di giugno. Sar\u00e0 la forania di Minturno a ospitare l\u2019evento che si svolger\u00e0 nella [&hellip;]\" \/>\n<meta property=\"og:url\" content=\"https:\/\/www.arcidiocesigaeta.it\/famiglia\/festa-della-famiglia-2017\/\" \/>\n<meta property=\"og:site_name\" content=\"Ufficio Diocesano di Pastorale Familiare\" \/>\n<meta property=\"article:modified_time\" content=\"2025-04-17T13:43:56+00:00\" \/>\n<meta property=\"og:image\" content=\"https:\/\/www.arcidiocesigaeta.it\/famiglia\/wp-content\/uploads\/sites\/10\/2025\/04\/beativoi.jpg\" \/>\n\t<meta property=\"og:image:width\" content=\"716\" \/>\n\t<meta property=\"og:image:height\" content=\"960\" \/>\n\t<meta property=\"og:image:type\" content=\"image\/jpeg\" \/>\n<meta name=\"twitter:card\" content=\"summary_large_image\" \/>\n<meta name=\"twitter:label1\" content=\"Tempo di lettura stimato\" \/>\n\t<meta name=\"twitter:data1\" content=\"2 minuti\" \/>\n<script type=\"application\/ld+json\" class=\"yoast-schema-graph\">{\"@context\":\"https:\/\/schema.org\",\"@graph\":[{\"@type\":\"WebPage\",\"@id\":\"https:\/\/www.arcidiocesigaeta.it\/famiglia\/festa-della-famiglia-2017\/\",\"url\":\"https:\/\/www.arcidiocesigaeta.it\/famiglia\/festa-della-famiglia-2017\/\",\"name\":\"Festa della Famiglia 2017 - Ufficio Diocesano di Pastorale Familiare\",\"isPartOf\":{\"@id\":\"https:\/\/www.arcidiocesigaeta.it\/famiglia\/#website\"},\"primaryImageOfPage\":{\"@id\":\"https:\/\/www.arcidiocesigaeta.it\/famiglia\/festa-della-famiglia-2017\/#primaryimage\"},\"image\":{\"@id\":\"https:\/\/www.arcidiocesigaeta.it\/famiglia\/festa-della-famiglia-2017\/#primaryimage\"},\"thumbnailUrl\":\"https:\/\/www.arcidiocesigaeta.it\/famiglia\/wp-content\/uploads\/sites\/10\/2025\/04\/beativoi.jpg\",\"datePublished\":\"2017-06-15T14:27:27+00:00\",\"dateModified\":\"2025-04-17T13:43:56+00:00\",\"breadcrumb\":{\"@id\":\"https:\/\/www.arcidiocesigaeta.it\/famiglia\/festa-della-famiglia-2017\/#breadcrumb\"},\"inLanguage\":\"it-IT\",\"potentialAction\":[{\"@type\":\"ReadAction\",\"target\":[\"https:\/\/www.arcidiocesigaeta.it\/famiglia\/festa-della-famiglia-2017\/\"]}]},{\"@type\":\"ImageObject\",\"inLanguage\":\"it-IT\",\"@id\":\"https:\/\/www.arcidiocesigaeta.it\/famiglia\/festa-della-famiglia-2017\/#primaryimage\",\"url\":\"https:\/\/www.arcidiocesigaeta.it\/famiglia\/wp-content\/uploads\/sites\/10\/2025\/04\/beativoi.jpg\",\"contentUrl\":\"https:\/\/www.arcidiocesigaeta.it\/famiglia\/wp-content\/uploads\/sites\/10\/2025\/04\/beativoi.jpg\",\"width\":716,\"height\":960},{\"@type\":\"BreadcrumbList\",\"@id\":\"https:\/\/www.arcidiocesigaeta.it\/famiglia\/festa-della-famiglia-2017\/#breadcrumb\",\"itemListElement\":[{\"@type\":\"ListItem\",\"position\":1,\"name\":\"Home\",\"item\":\"https:\/\/www.arcidiocesigaeta.it\/famiglia\/\"},{\"@type\":\"ListItem\",\"position\":2,\"name\":\"Festa della Famiglia 2017\"}]},{\"@type\":\"WebSite\",\"@id\":\"https:\/\/www.arcidiocesigaeta.it\/famiglia\/#website\",\"url\":\"https:\/\/www.arcidiocesigaeta.it\/famiglia\/\",\"name\":\"Ufficio Diocesano di Pastorale Familiare\",\"description\":\"Arcidiocesi di Gaeta\",\"potentialAction\":[{\"@type\":\"SearchAction\",\"target\":{\"@type\":\"EntryPoint\",\"urlTemplate\":\"https:\/\/www.arcidiocesigaeta.it\/famiglia\/?s={search_term_string}\"},\"query-input\":{\"@type\":\"PropertyValueSpecification\",\"valueRequired\":true,\"valueName\":\"search_term_string\"}}],\"inLanguage\":\"it-IT\"}]}<\/script>\n<!-- \/ Yoast SEO plugin. -->","yoast_head_json":{"title":"Festa della Famiglia 2017 - Ufficio Diocesano di Pastorale Familiare","robots":{"index":"index","follow":"follow","max-snippet":"max-snippet:-1","max-image-preview":"max-image-preview:large","max-video-preview":"max-video-preview:-1"},"canonical":"https:\/\/www.arcidiocesigaeta.it\/famiglia\/festa-della-famiglia-2017\/","og_locale":"it_IT","og_type":"article","og_title":"Festa della Famiglia 2017 - Ufficio Diocesano di Pastorale Familiare","og_description":"Torna a Scauri Famiglie in Festa da Avvenire LAZIO7 &#8211; 11 Giugno 2017 DI SANDRA E OLINDO PETRILLO \u00abBeati voi che uscite\u00bb \u00e8 il tema della festa della famiglia della diocesi di Gaeta: appuntamento che ogni anno si celebra nel mese di giugno. Sar\u00e0 la forania di Minturno a ospitare l\u2019evento che si svolger\u00e0 nella [&hellip;]","og_url":"https:\/\/www.arcidiocesigaeta.it\/famiglia\/festa-della-famiglia-2017\/","og_site_name":"Ufficio Diocesano di Pastorale Familiare","article_modified_time":"2025-04-17T13:43:56+00:00","og_image":[{"width":716,"height":960,"url":"https:\/\/www.arcidiocesigaeta.it\/famiglia\/wp-content\/uploads\/sites\/10\/2025\/04\/beativoi.jpg","type":"image\/jpeg"}],"twitter_card":"summary_large_image","twitter_misc":{"Tempo di lettura stimato":"2 minuti"},"schema":{"@context":"https:\/\/schema.org","@graph":[{"@type":"WebPage","@id":"https:\/\/www.arcidiocesigaeta.it\/famiglia\/festa-della-famiglia-2017\/","url":"https:\/\/www.arcidiocesigaeta.it\/famiglia\/festa-della-famiglia-2017\/","name":"Festa della Famiglia 2017 - Ufficio Diocesano di Pastorale Familiare","isPartOf":{"@id":"https:\/\/www.arcidiocesigaeta.it\/famiglia\/#website"},"primaryImageOfPage":{"@id":"https:\/\/www.arcidiocesigaeta.it\/famiglia\/festa-della-famiglia-2017\/#primaryimage"},"image":{"@id":"https:\/\/www.arcidiocesigaeta.it\/famiglia\/festa-della-famiglia-2017\/#primaryimage"},"thumbnailUrl":"https:\/\/www.arcidiocesigaeta.it\/famiglia\/wp-content\/uploads\/sites\/10\/2025\/04\/beativoi.jpg","datePublished":"2017-06-15T14:27:27+00:00","dateModified":"2025-04-17T13:43:56+00:00","breadcrumb":{"@id":"https:\/\/www.arcidiocesigaeta.it\/famiglia\/festa-della-famiglia-2017\/#breadcrumb"},"inLanguage":"it-IT","potentialAction":[{"@type":"ReadAction","target":["https:\/\/www.arcidiocesigaeta.it\/famiglia\/festa-della-famiglia-2017\/"]}]},{"@type":"ImageObject","inLanguage":"it-IT","@id":"https:\/\/www.arcidiocesigaeta.it\/famiglia\/festa-della-famiglia-2017\/#primaryimage","url":"https:\/\/www.arcidiocesigaeta.it\/famiglia\/wp-content\/uploads\/sites\/10\/2025\/04\/beativoi.jpg","contentUrl":"https:\/\/www.arcidiocesigaeta.it\/famiglia\/wp-content\/uploads\/sites\/10\/2025\/04\/beativoi.jpg","width":716,"height":960},{"@type":"BreadcrumbList","@id":"https:\/\/www.arcidiocesigaeta.it\/famiglia\/festa-della-famiglia-2017\/#breadcrumb","itemListElement":[{"@type":"ListItem","position":1,"name":"Home","item":"https:\/\/www.arcidiocesigaeta.it\/famiglia\/"},{"@type":"ListItem","position":2,"name":"Festa della Famiglia 2017"}]},{"@type":"WebSite","@id":"https:\/\/www.arcidiocesigaeta.it\/famiglia\/#website","url":"https:\/\/www.arcidiocesigaeta.it\/famiglia\/","name":"Ufficio Diocesano di Pastorale Familiare","description":"Arcidiocesi di Gaeta","potentialAction":[{"@type":"SearchAction","target":{"@type":"EntryPoint","urlTemplate":"https:\/\/www.arcidiocesigaeta.it\/famiglia\/?s={search_term_string}"},"query-input":{"@type":"PropertyValueSpecification","valueRequired":true,"valueName":"search_term_string"}}],"inLanguage":"it-IT"}]}},"_links":{"self":[{"href":"https:\/\/www.arcidiocesigaeta.it\/famiglia\/wp-json\/wp\/v2\/pages\/887","targetHints":{"allow":["GET"]}}],"collection":[{"href":"https:\/\/www.arcidiocesigaeta.it\/famiglia\/wp-json\/wp\/v2\/pages"}],"about":[{"href":"https:\/\/www.arcidiocesigaeta.it\/famiglia\/wp-json\/wp\/v2\/types\/page"}],"author":[{"embeddable":true,"href":"https:\/\/www.arcidiocesigaeta.it\/famiglia\/wp-json\/wp\/v2\/users\/1"}],"replies":[{"embeddable":true,"href":"https:\/\/www.arcidiocesigaeta.it\/famiglia\/wp-json\/wp\/v2\/comments?post=887"}],"version-history":[{"count":4,"href":"https:\/\/www.arcidiocesigaeta.it\/famiglia\/wp-json\/wp\/v2\/pages\/887\/revisions"}],"predecessor-version":[{"id":2139,"href":"https:\/\/www.arcidiocesigaeta.it\/famiglia\/wp-json\/wp\/v2\/pages\/887\/revisions\/2139"}],"wp:featuredmedia":[{"embeddable":true,"href":"https:\/\/www.arcidiocesigaeta.it\/famiglia\/wp-json\/wp\/v2\/media\/2146"}],"wp:attachment":[{"href":"https:\/\/www.arcidiocesigaeta.it\/famiglia\/wp-json\/wp\/v2\/media?parent=887"}],"curies":[{"name":"wp","href":"https:\/\/api.w.org\/{rel}","templated":true}]}}